{"id":550,"date":"2023-01-16T09:17:25","date_gmt":"2023-01-16T09:17:25","guid":{"rendered":"https:\/\/truecareerguidance.com\/?page_id=550"},"modified":"2023-01-19T12:03:56","modified_gmt":"2023-01-19T12:03:56","slug":"mbbs-in-poland","status":"publish","type":"page","link":"https:\/\/truecareerguidance.com\/index.php\/mbbs-in-poland\/","title":{"rendered":"MBBS IN POLAND"},"content":{"rendered":"<section class=\"vc_row wpb_row vc_row-fluid  vc_custom_1673422181543\"><div class=\"wpb_column vc_column_container col-xs-mobile-fullwidth vc_col-sm-6\"><div class=\"vc_column-inner\"><div class=\"wpb_wrapper\"><div class=\"alt-font heading-style-1 heading-1 hongo-section-heading hongo_font_1673860618830\">Poland<\/div>[vc_separator color=&#8221;custom&#8221; style=&#8221;dashed&#8221; accent_color=&#8221;#0066bf&#8221; css=&#8221;.vc_custom_1673419901177{padding-top: 2% !important;padding-bottom: 2% !important;}&#8221;]<div class=\"text-block-content hongo-text-block-1 last-paragraph-no-margin\"><p>Poland, officially the Republic of Poland, is a country in Central Europe. It is divided into 16 administrative provinces called voivodeships, covering an area of 312,696 km2 (120,733 sq mi). Poland has a population of 37.7 million and is the fifth-most populous member state of the European Union. Warsaw is the nation&#8217;s capital and largest metropolis. Other major cities include Krak\u00f3w, Wroc\u0142aw, \u0141\u00f3d\u017a, Pozna\u0144, Gda\u0144sk, and Szczecin.<\/p>\n<p>Poland has a temperate transitional climate and its territory traverses the Central European Plain, extending from Baltic Sea in the north to Sudeten and Carpathian Mountains in the south. The longest Polish river is the Vistula, and Poland&#8217;s highest point is Mount Rysy, situated in the Tatra mountain range of the Carpathians. The country is bordered by Lithuania and Russia to the northeast, Belarus and Ukraine to the east, Slovakia and the Czech Republic to the south, and Germany to the west. It also shares maritime boundaries with Denmark and Sweden.<\/p>\n<p>The history of human activity on Polish soil dates to circa 10,000 BC. Culturally diverse throughout late antiquity, the region became inhabited by tribal Polans who gave Poland its name in the early medieval period. The establishment of statehood in 966 coincided with a pagan ruler of the Polans converting to Christianity under the auspices of the Roman Church. The Kingdom of Poland emerged in 1025 and in 1569 cemented its longstanding association with Lithuania, thus forming the Polish\u2013Lithuanian Commonwealth. It was one of the largest great powers of Europe at the time, with a uniquely liberal political system that adopted Europe&#8217;s first modern constitution in 1791.<\/p>\n<p>With the passing of a prosperous Polish Golden Age, the country was partitioned by neighbouring states at the end of the 18th century and regained its independence in 1918 as the Second Polish Republic. In September 1939, the German-Soviet invasion of Poland marked the beginning of World War II, which resulted in the Holocaust and millions of Polish casualties. As a member of the Communist Bloc in the global Cold War, the Polish People&#8217;s Republic was a founding signatory of the Warsaw Pact. Through the emergence and contributions of the Solidarity movement, the communist government was dissolved and Poland re-established itself as a democratic state in 1989.<\/p>\n<\/div><a href=\"https:\/\/truecareerguidance.com\/index.php\/contact-us\/\"  class=\"hongo-button-1 vc_custom_1674119698058 btn btn-dark-gray alt-font btn-large  hongo_button_1674119698057\"><i class=\"et-clipboard left-icon\" aria-hidden=\"true\"><\/i>REGISTER NOW<\/a><\/div><\/div><\/div><div class=\"wpb_column vc_column_container col-xs-mobile-fullwidth vc_col-sm-6\"><div class=\"vc_column-inner\"><div class=\"wpb_wrapper\"><div class=\"wpb_single_image vc_align_center\">\n\t\t\t<figure class=\"wpb_wrapper vc_figure\">\n\t\t\t\t<div class=\"vc_single_image-wrapper  \"><img loading=\"lazy\" decoding=\"async\" width=\"2560\" height=\"2272\" src=\"https:\/\/truecareerguidance.com\/wp-content\/uploads\/2023\/01\/120.jpg\" class=\"vc_single_image-img attachment-full\" alt=\"\" title=\"120\" srcset=\"https:\/\/truecareerguidance.com\/wp-content\/uploads\/2023\/01\/120.jpg 2560w, https:\/\/truecareerguidance.com\/wp-content\/uploads\/2023\/01\/120-300x266.jpg 300w, https:\/\/truecareerguidance.com\/wp-content\/uploads\/2023\/01\/120-1024x909.jpg 1024w, https:\/\/truecareerguidance.com\/wp-content\/uploads\/2023\/01\/120-768x682.jpg 768w, https:\/\/truecareerguidance.com\/wp-content\/uploads\/2023\/01\/120-1536x1363.jpg 1536w, https:\/\/truecareerguidance.com\/wp-content\/uploads\/2023\/01\/120-2048x1818.jpg 2048w, https:\/\/truecareerguidance.com\/wp-content\/uploads\/2023\/01\/120-84x75.jpg 84w, https:\/\/truecareerguidance.com\/wp-content\/uploads\/2023\/01\/120-200x178.jpg 200w, https:\/\/truecareerguidance.com\/wp-content\/uploads\/2023\/01\/120-450x399.jpg 450w, https:\/\/truecareerguidance.com\/wp-content\/uploads\/2023\/01\/120-890x790.jpg 890w\" sizes=\"auto, (max-width: 2560px) 100vw, 2560px\" \/><\/div>\n\t\t\t<\/figure>\n\t\t\t\n\t\t<\/div><div class=\"text-block-content hongo-text-block-2 last-paragraph-no-margin\"><p><strong>COUNTRY CAPITAL: Warsaw<\/strong><br \/>\n<strong>CURRENCY : Zloty<\/strong><br \/>\n<strong>POPULATION : 38,179,800<\/strong><br \/>\n<strong>COUNTRY AREA :312,696 km2<\/strong><br \/>\n<strong>LANGUAGE :Polish<\/strong><\/p>\n<p><strong>Eligibility:<\/strong><br \/>\n<strong>* 50% in 10+2<\/strong><br \/>\n<strong>(45% for SC\/ST\/OBC) with PCB from a recognized board.<\/strong><br \/>\n<strong>* NEET Qualified<\/strong><\/p>\n<\/div><\/div><\/div><\/div><\/section><section data-vc-full-width=\"true\" data-vc-full-width-init=\"false\" data-vc-stretch-content=\"true\" class=\"vc_row wpb_row vc_row-fluid  vc_custom_1673422647736   hongo-stretch-content hongo-stretch-content-fluid\"><div class=\"wpb_column vc_column_container col-xs-mobile-fullwidth vc_col-sm-12\"><div class=\"vc_column-inner\"><div class=\"wpb_wrapper\"><div class=\"alt-font heading-style-1 heading-2 hongo-section-heading hongo_font_1673860643117\">Top Universities in Poland<\/div>[vc_separator color=&#8221;custom&#8221; style=&#8221;dashed&#8221; accent_color=&#8221;#0066bf&#8221; css=&#8221;.vc_custom_1673419901177{padding-top: 2% !important;padding-bottom: 2% !important;}&#8221;]<div class=\"vc_row wpb_row vc_inner vc_row-fluid\"><div class=\"wpb_column vc_column_container col-xs-mobile-fullwidth vc_col-sm-1\/5\"><div class=\"vc_column-inner\"><div class=\"wpb_wrapper\"><div class=\"wpb_single_image vc_align_center\">\n\t\t\t<figure class=\"wpb_wrapper vc_figure\">\n\t\t\t\t<div class=\"vc_single_image-wrapper vc_box_shadow_circle \"><img loading=\"lazy\" decoding=\"async\" class=\"vc_single_image-img \" src=\"https:\/\/truecareerguidance.com\/wp-content\/uploads\/2023\/01\/122-150x150.jpg\" width=\"150\" height=\"150\" alt=\"122\" title=\"122\" \/><\/div>\n\t\t\t<\/figure>\n\t\t\t\n\t\t<\/div><div class=\"alt-font heading-style-1 heading-3 hongo-section-heading hongo_font_1673861280764\">Jan Kochanowski University<\/div><\/div><\/div><\/div><div class=\"wpb_column vc_column_container col-xs-mobile-fullwidth vc_col-sm-1\/5\"><div class=\"vc_column-inner\"><div class=\"wpb_wrapper\"><div class=\"wpb_single_image vc_align_center\">\n\t\t\t<figure class=\"wpb_wrapper vc_figure\">\n\t\t\t\t<div class=\"vc_single_image-wrapper vc_box_shadow_circle \"><img loading=\"lazy\" decoding=\"async\" class=\"vc_single_image-img \" src=\"https:\/\/truecareerguidance.com\/wp-content\/uploads\/2023\/01\/Medical_University_of_Warsaw_emblem_ceremonial_brand_identity.svg_-150x150.png\" width=\"150\" height=\"150\" alt=\"Medical_University_of_Warsaw_emblem_(ceremonial_brand_identity).svg\" title=\"Medical_University_of_Warsaw_emblem_(ceremonial_brand_identity).svg\" \/><\/div>\n\t\t\t<\/figure>\n\t\t\t\n\t\t<\/div><div class=\"alt-font heading-style-1 heading-4 hongo-section-heading hongo_font_1673861365027\">Medical University of Warsaw<\/div><\/div><\/div><\/div><div class=\"wpb_column vc_column_container col-xs-mobile-fullwidth vc_col-sm-1\/5\"><div class=\"vc_column-inner\"><div class=\"wpb_wrapper\"><div class=\"wpb_single_image vc_align_center\">\n\t\t\t<figure class=\"wpb_wrapper vc_figure\">\n\t\t\t\t<div class=\"vc_single_image-wrapper vc_box_shadow_circle \"><img loading=\"lazy\" decoding=\"async\" class=\"vc_single_image-img \" src=\"https:\/\/truecareerguidance.com\/wp-content\/uploads\/2023\/01\/123-150x150.jpg\" width=\"150\" height=\"150\" alt=\"123\" title=\"123\" \/><\/div>\n\t\t\t<\/figure>\n\t\t\t\n\t\t<\/div><div class=\"alt-font heading-style-1 heading-5 hongo-section-heading hongo_font_1673861450722\">Medical University of Wroclaw<\/div><\/div><\/div><\/div><div class=\"wpb_column vc_column_container col-xs-mobile-fullwidth vc_col-sm-1\/5\"><div class=\"vc_column-inner\"><div class=\"wpb_wrapper\"><div class=\"wpb_single_image vc_align_center\">\n\t\t\t<figure class=\"wpb_wrapper vc_figure\">\n\t\t\t\t<div class=\"vc_single_image-wrapper vc_box_shadow_circle \"><img loading=\"lazy\" decoding=\"async\" class=\"vc_single_image-img \" src=\"https:\/\/truecareerguidance.com\/wp-content\/uploads\/2023\/01\/113-1-150x150.jpg\" width=\"150\" height=\"150\" alt=\"113\" title=\"113\" \/><\/div>\n\t\t\t<\/figure>\n\t\t\t\n\t\t<\/div><div class=\"alt-font heading-style-1 heading-6 hongo-section-heading hongo_font_1673862801369\">Medical University of Lublin<\/div><\/div><\/div><\/div><div class=\"wpb_column vc_column_container col-xs-mobile-fullwidth vc_col-sm-1\/5\"><div class=\"vc_column-inner\"><div class=\"wpb_wrapper\"><div class=\"wpb_single_image vc_align_center\">\n\t\t\t<figure class=\"wpb_wrapper vc_figure\">\n\t\t\t\t<div class=\"vc_single_image-wrapper vc_box_shadow_circle \"><img loading=\"lazy\" decoding=\"async\" class=\"vc_single_image-img \" src=\"https:\/\/truecareerguidance.com\/wp-content\/uploads\/2023\/01\/114-150x150.png\" width=\"150\" height=\"150\" alt=\"114\" title=\"114\" \/><\/div>\n\t\t\t<\/figure>\n\t\t\t\n\t\t<\/div><div class=\"alt-font heading-style-1 heading-7 hongo-section-heading hongo_font_1673862978032\">Medical University of Biatystok<\/div><\/div><\/div><\/div><\/div><div class=\"vc_row wpb_row vc_inner vc_row-fluid\"><div class=\"wpb_column vc_column_container col-xs-mobile-fullwidth vc_col-sm-1\/5\"><div class=\"vc_column-inner\"><div class=\"wpb_wrapper\"><div class=\"wpb_single_image vc_align_center\">\n\t\t\t<figure class=\"wpb_wrapper vc_figure\">\n\t\t\t\t<div class=\"vc_single_image-wrapper vc_box_shadow_circle \"><img loading=\"lazy\" decoding=\"async\" class=\"vc_single_image-img \" src=\"https:\/\/truecareerguidance.com\/wp-content\/uploads\/2023\/01\/115-1-150x150.jpg\" width=\"150\" height=\"150\" alt=\"115\" title=\"115\" \/><\/div>\n\t\t\t<\/figure>\n\t\t\t\n\t\t<\/div><div class=\"alt-font heading-style-1 heading-8 hongo-section-heading hongo_font_1673863872609\">University of Warmia and Mazury<\/div><\/div><\/div><\/div><div class=\"wpb_column vc_column_container col-xs-mobile-fullwidth vc_col-sm-1\/5\"><div class=\"vc_column-inner\"><div class=\"wpb_wrapper\"><div class=\"wpb_single_image vc_align_center\">\n\t\t\t<figure class=\"wpb_wrapper vc_figure\">\n\t\t\t\t<div class=\"vc_single_image-wrapper vc_box_shadow_circle \"><img loading=\"lazy\" decoding=\"async\" class=\"vc_single_image-img \" src=\"https:\/\/truecareerguidance.com\/wp-content\/uploads\/2023\/01\/116-1-150x150.jpg\" width=\"150\" height=\"150\" alt=\"116\" title=\"116\" \/><\/div>\n\t\t\t<\/figure>\n\t\t\t\n\t\t<\/div><div class=\"alt-font heading-style-1 heading-9 hongo-section-heading hongo_font_1673863959664\">Poznan University of Medical Sciences<\/div><\/div><\/div><\/div><div class=\"wpb_column vc_column_container col-xs-mobile-fullwidth vc_col-sm-1\/5\"><div class=\"vc_column-inner\"><div class=\"wpb_wrapper\"><div class=\"wpb_single_image vc_align_center\">\n\t\t\t<figure class=\"wpb_wrapper vc_figure\">\n\t\t\t\t<div class=\"vc_single_image-wrapper vc_box_shadow_circle \"><img loading=\"lazy\" decoding=\"async\" class=\"vc_single_image-img \" src=\"https:\/\/truecareerguidance.com\/wp-content\/uploads\/2023\/01\/117-150x150.png\" width=\"150\" height=\"150\" alt=\"117\" title=\"117\" \/><\/div>\n\t\t\t<\/figure>\n\t\t\t\n\t\t<\/div><div class=\"alt-font heading-style-1 heading-10 hongo-section-heading hongo_font_1673864057633\">Medical University of Gda\u0144sk<\/div><\/div><\/div><\/div><div class=\"wpb_column vc_column_container col-xs-mobile-fullwidth vc_col-sm-1\/5\"><div class=\"vc_column-inner\"><div class=\"wpb_wrapper\"><div class=\"wpb_single_image vc_align_center\">\n\t\t\t<figure class=\"wpb_wrapper vc_figure\">\n\t\t\t\t<div class=\"vc_single_image-wrapper vc_box_shadow_circle \"><img loading=\"lazy\" decoding=\"async\" class=\"vc_single_image-img \" src=\"https:\/\/truecareerguidance.com\/wp-content\/uploads\/2023\/01\/121-150x150.jpg\" width=\"150\" height=\"150\" alt=\"121\" title=\"121\" \/><\/div>\n\t\t\t<\/figure>\n\t\t\t\n\t\t<\/div><div class=\"alt-font heading-style-1 heading-11 hongo-section-heading hongo_font_1673864134543\">Medical University of Silesia<\/div><\/div><\/div><\/div><div class=\"wpb_column vc_column_container col-xs-mobile-fullwidth vc_col-sm-1\/5\"><div class=\"vc_column-inner\"><div class=\"wpb_wrapper\"><div class=\"wpb_single_image vc_align_center\">\n\t\t\t<figure class=\"wpb_wrapper vc_figure\">\n\t\t\t\t<div class=\"vc_single_image-wrapper vc_box_shadow_circle \"><img loading=\"lazy\" decoding=\"async\" class=\"vc_single_image-img \" src=\"https:\/\/truecareerguidance.com\/wp-content\/uploads\/2023\/01\/119-1-150x150.jpg\" width=\"150\" height=\"150\" alt=\"119\" title=\"119\" \/><\/div>\n\t\t\t<\/figure>\n\t\t\t\n\t\t<\/div><div class=\"alt-font heading-style-1 heading-12 hongo-section-heading hongo_font_1673864201279\">Medical University of Lodz<\/div><\/div><\/div><\/div><\/div><\/div><\/div><\/div><\/section><div class=\"vc_row-full-width vc_clearfix\"><\/div>\n","protected":false},"excerpt":{"rendered":"Poland[vc_separator color=\"custom\" style=\"dashed\" accent_color=\"#0066bf\" css=\".vc_custom_1673419901177{padding-top: 2% !important;padding-bottom: 2% !important;}\"]Poland, officially the Republic of Poland, is a country in Central Europe. It is divided into 16 administrative provinces called voivodeships, covering an area of 312,696 km2 (120,733 sq mi). Poland has a population of 37.7 million and is the fifth-most populous member state of the European Union. Warsaw is the nation's capital and largest metropolis. Other major cities include Krak\u00f3w, Wroc\u0142aw, \u0141\u00f3d\u017a, Pozna\u0144, Gda\u0144sk, and Szczecin. Poland has a temperate transitional climate and its territory traverses the Central European Plain, extending from Baltic Sea in the north to Sudeten and Carpathian Mountains in the south. The longest Polish river is the Vistula, and Poland's highest point is Mount Rysy, situated in the Tatra mountain range of the Carpathians. The country is bordered by Lithuania and Russia to the northeast, Belarus and Ukraine to the east, Slovakia and the Czech Republic to the south, and Germany to the west. It also shares maritime boundaries with Denmark and Sweden. The history of human activity on Polish soil dates to circa 10,000 BC. Culturally diverse throughout late antiquity, the region became inhabited by tribal Polans who gave Poland its name in the early medieval...","protected":false},"author":1,"featured_media":0,"parent":0,"menu_order":0,"comment_status":"closed","ping_status":"closed","template":"","meta":{"footnotes":""},"class_list":["post-550","page","type-page","status-publish","hentry"],"_links":{"self":[{"href":"https:\/\/truecareerguidance.com\/index.php\/wp-json\/wp\/v2\/pages\/550","targetHints":{"allow":["GET"]}}],"collection":[{"href":"https:\/\/truecareerguidance.com\/index.php\/wp-json\/wp\/v2\/pages"}],"about":[{"href":"https:\/\/truecareerguidance.com\/index.php\/wp-json\/wp\/v2\/types\/page"}],"author":[{"embeddable":true,"href":"https:\/\/truecareerguidance.com\/index.php\/wp-json\/wp\/v2\/users\/1"}],"replies":[{"embeddable":true,"href":"https:\/\/truecareerguidance.com\/index.php\/wp-json\/wp\/v2\/comments?post=550"}],"version-history":[{"count":13,"href":"https:\/\/truecareerguidance.com\/index.php\/wp-json\/wp\/v2\/pages\/550\/revisions"}],"predecessor-version":[{"id":989,"href":"https:\/\/truecareerguidance.com\/index.php\/wp-json\/wp\/v2\/pages\/550\/revisions\/989"}],"wp:attachment":[{"href":"https:\/\/truecareerguidance.com\/index.php\/wp-json\/wp\/v2\/media?parent=550"}],"curies":[{"name":"wp","href":"https:\/\/api.w.org\/{rel}","templated":true}]}}